{"id":2331,"date":"2023-01-28T15:14:18","date_gmt":"2023-01-28T18:14:18","guid":{"rendered":"https:\/\/agenciazign.com\/?page_id=2331"},"modified":"2023-01-28T15:33:23","modified_gmt":"2023-01-28T18:33:23","slug":"politica-de-privacidade","status":"publish","type":"page","link":"https:\/\/agenciazign.com\/index.php\/politica-de-privacidade\/","title":{"rendered":"Pol\u00edtica de Privacidade"},"content":{"rendered":"\t\t<div data-elementor-type=\"wp-page\" data-elementor-id=\"2331\" class=\"elementor elementor-2331\">\n\t\t\t\t\t\t<section class=\"elementor-section elementor-top-section elementor-element elementor-element-755df26 elementor-section-full_width elementor-section-height-default elementor-section-height-default jltma-glass-effect-no\" data-id=\"755df26\" data-element_type=\"section\" data-e-type=\"section\">\n\t\t\t\t\t\t<div class=\"elementor-container elementor-column-gap-default\">\n\t\t\t\t\t<div class=\"elementor-column elementor-col-100 elementor-top-column elementor-element elementor-element-4b8d071 jltma-glass-effect-no\" data-id=\"4b8d071\" data-element_type=\"column\" data-e-type=\"column\">\n\t\t\t<div class=\"elementor-widget-wrap elementor-element-populated\">\n\t\t\t\t\t\t<div class=\"elementor-element elementor-element-4eb2da2 jltma-glass-effect-no elementor-widget elementor-widget-image\" data-id=\"4eb2da2\" data-element_type=\"widget\" data-e-type=\"widget\" data-widget_type=\"image.default\">\n\t\t\t\t<div class=\"elementor-widget-container\">\n\t\t\t\t\t\t\t\t\t\t\t\t\t\t\t<img fetchpriority=\"high\" decoding=\"async\" width=\"2560\" height=\"1707\" src=\"https:\/\/agenciazign.com\/wp-content\/uploads\/2023\/01\/pexels-pixabay-60504-scaled.jpg\" class=\"attachment-full size-full wp-image-2335\" alt=\"\" srcset=\"https:\/\/agenciazign.com\/wp-content\/uploads\/2023\/01\/pexels-pixabay-60504-scaled.jpg 2560w, https:\/\/agenciazign.com\/wp-content\/uploads\/2023\/01\/pexels-pixabay-60504-300x200.jpg 300w, https:\/\/agenciazign.com\/wp-content\/uploads\/2023\/01\/pexels-pixabay-60504-1024x683.jpg 1024w, https:\/\/agenciazign.com\/wp-content\/uploads\/2023\/01\/pexels-pixabay-60504-768x512.jpg 768w, https:\/\/agenciazign.com\/wp-content\/uploads\/2023\/01\/pexels-pixabay-60504-1536x1024.jpg 1536w, https:\/\/agenciazign.com\/wp-content\/uploads\/2023\/01\/pexels-pixabay-60504-2048x1365.jpg 2048w\" sizes=\"(max-width: 2560px) 100vw, 2560px\" \/>\t\t\t\t\t\t\t\t\t\t\t\t\t\t\t<\/div>\n\t\t\t\t<\/div>\n\t\t\t\t\t<\/div>\n\t\t<\/div>\n\t\t\t\t\t<\/div>\n\t\t<\/section>\n\t\t\t\t<section class=\"elementor-section elementor-top-section elementor-element elementor-element-be7735e elementor-section-boxed elementor-section-height-default elementor-section-height-default jltma-glass-effect-no\" data-id=\"be7735e\" data-element_type=\"section\" data-e-type=\"section\">\n\t\t\t\t\t\t<div class=\"elementor-container elementor-column-gap-default\">\n\t\t\t\t\t<div class=\"elementor-column elementor-col-100 elementor-top-column elementor-element elementor-element-94d2de2 jltma-glass-effect-no\" data-id=\"94d2de2\" data-element_type=\"column\" data-e-type=\"column\">\n\t\t\t<div class=\"elementor-widget-wrap elementor-element-populated\">\n\t\t\t\t\t\t<div class=\"elementor-element elementor-element-a2a51b2 jltma-glass-effect-no elementor-widget elementor-widget-heading\" data-id=\"a2a51b2\" data-element_type=\"widget\" data-e-type=\"widget\" data-widget_type=\"heading.default\">\n\t\t\t\t<div class=\"elementor-widget-container\">\n\t\t\t\t\t<h2 class=\"elementor-heading-title elementor-size-default\">Pol\u00edtica de Privacidade<\/h2>\t\t\t\t<\/div>\n\t\t\t\t<\/div>\n\t\t\t\t\t<\/div>\n\t\t<\/div>\n\t\t\t\t\t<\/div>\n\t\t<\/section>\n\t\t\t\t<section class=\"elementor-section elementor-top-section elementor-element elementor-element-1e023cc elementor-section-boxed elementor-section-height-default elementor-section-height-default jltma-glass-effect-no\" data-id=\"1e023cc\" data-element_type=\"section\" data-e-type=\"section\">\n\t\t\t\t\t\t<div class=\"elementor-container elementor-column-gap-default\">\n\t\t\t\t\t<div class=\"elementor-column elementor-col-100 elementor-top-column elementor-element elementor-element-171275a jltma-glass-effect-no\" data-id=\"171275a\" data-element_type=\"column\" data-e-type=\"column\">\n\t\t\t<div class=\"elementor-widget-wrap elementor-element-populated\">\n\t\t\t\t\t\t<div class=\"elementor-element elementor-element-1c3f647 jltma-glass-effect-no elementor-widget elementor-widget-text-editor\" data-id=\"1c3f647\" data-element_type=\"widget\" data-e-type=\"widget\" data-widget_type=\"text-editor.default\">\n\t\t\t\t<div class=\"elementor-widget-container\">\n\t\t\t\t\t\t\t\t\t<p>Informa\u00e7\u00f5es do Usu\u00e1rio<\/p><p>\u2013 \u00c9 importante coletarmos algumas informa\u00e7\u00f5es dos usu\u00e1rios de nossos servi\u00e7os para que possamos oferecer um site melhor e mais direcionado \u00e0s suas prefer\u00eancias. Tamb\u00e9m precisamos inform\u00e1-los sobre novidades e informa\u00e7\u00f5es relevantes. Por isso, leia atentamente esta pol\u00edtica e nossos termos de uso.<\/p><p>\u00a0<\/p><p>\u2013 Garantimos que quaisquer informa\u00e7\u00f5es pessoais dos usu\u00e1rios n\u00e3o ser\u00e3o fornecidas, publicadas ou comercializadas em quaisquer circunst\u00e2ncias. Estas informa\u00e7\u00f5es est\u00e3o seguras conosco. Exceto em casos de participa\u00e7\u00e3o do usu\u00e1rio em algum coment\u00e1rio ou postagem. Neste caso, o nome, e-mail e depoimento poder\u00e3o ser publicados, conforme nossos termos de uso.<\/p><p>\u00a0<\/p><p>Cadastro<\/p><p>\u2013 N\u00f3s nunca enviamos e-mails solicitando confirma\u00e7\u00e3o de dados\/cadastro ou com anexos execut\u00e1veis (extens\u00e3o exe, com, scr, bat) e links para download.<\/p><p>\u00a0<\/p><p>\u2013 Para usufruir dos benef\u00edcios adicionais do site e receber o e-mail com informa\u00e7\u00f5es sobre nossos servi\u00e7os, voc\u00ea precisa se cadastrar em algum de nossos formul\u00e1rios de opt-in. Este cadastro \u00e9 armazenado em um banco de dados protegido e sigiloso.<\/p><p>\u00a0<\/p><p>\u2013 Caso n\u00e3o queira receber mais nossos informativos, basta clicar no link de cancelamento que h\u00e1 no rodap\u00e9 de cada mensagem ou nos avisar atrav\u00e9s de e-mail. N\u00f3s nunca enviamos spams.<\/p><p>\u00a0<\/p><p>Cookies<\/p><p>\u2013 Podemos utilizar a tecnologia de cookies para melhorar a experi\u00eancia do usu\u00e1rio. Isso auxilia na identifica\u00e7\u00e3o do seu IP, facilitando a navega\u00e7\u00e3o e customizando a navega\u00e7\u00e3o. Voc\u00ea pode bloquear qualquer uso de cookies diretamente no seu navegador.<\/p><p>\u00a0<\/p><p>Compartilhamento de informa\u00e7\u00f5es<\/p><p>\u2013 Para fins de seguran\u00e7a, as informa\u00e7\u00f5es poder\u00e3o ser compartilhadas quando houver requerimento de autoridades judiciais ou governamentais competentes para fins de investiga\u00e7\u00f5es pessoais conduzidas por elas, mesmo que n\u00e3o exista uma ordem judicial, por exemplo (e sem limitar-se a) quando tratar-se de investiga\u00e7\u00e3o de car\u00e1ter penal ou a viola\u00e7\u00e3o de direitos do autor, ressalvadas as hip\u00f3teses de sigilo de informa\u00e7\u00f5es determinadas por leis em vigor, ou ainda, comunicar informa\u00e7\u00f5es quando haja motivos suficientes para considerar que a atividade de um usu\u00e1rio seja suspeita de tentar ou de cometer um delito ou tentar prejudicar outras pessoas.<\/p><p>\u00a0<\/p><p>\u2013 Possu\u00edmos links de acesso para outros sites e que n\u00e3o est\u00e3o cobertos por esta pol\u00edtica. Assim, verifique a pol\u00edtica de privacidade desses sites, tendo em vista que suas informa\u00e7\u00f5es ser\u00e3o administradas de acordo com a pol\u00edtica de cada um deles e que podem diferenciar das nossas.<\/p><p>\u00a0<\/p><p>D\u00favidas e corre\u00e7\u00e3o de dados<\/p><p>\u2013 Em caso de d\u00favidas o usu\u00e1rio poder\u00e1 entrar em contato pelo e-mail: contato@agenciazign.com.<\/p><p>\u00a0<\/p><p>\u2013 Reservamo-nos o direito de alterar a pol\u00edtica a qualquer momento.<\/p>\t\t\t\t\t\t\t\t<\/div>\n\t\t\t\t<\/div>\n\t\t\t\t\t<\/div>\n\t\t<\/div>\n\t\t\t\t\t<\/div>\n\t\t<\/section>\n\t\t\t\t<section class=\"elementor-section elementor-top-section elementor-element elementor-element-96620cf elementor-section-boxed elementor-section-height-default elementor-section-height-default jltma-glass-effect-no\" data-id=\"96620cf\" data-element_type=\"section\" data-e-type=\"section\">\n\t\t\t\t\t\t<div class=\"elementor-container elementor-column-gap-default\">\n\t\t\t\t\t<div class=\"elementor-column elementor-col-100 elementor-top-column elementor-element elementor-element-abf8ce4 jltma-glass-effect-no\" data-id=\"abf8ce4\" data-element_type=\"column\" data-e-type=\"column\">\n\t\t\t<div class=\"elementor-widget-wrap elementor-element-populated\">\n\t\t\t\t\t\t<div class=\"elementor-element elementor-element-705f8af jltma-glass-effect-no elementor-widget elementor-widget-spacer\" data-id=\"705f8af\" data-element_type=\"widget\" data-e-type=\"widget\" data-widget_type=\"spacer.default\">\n\t\t\t\t<div class=\"elementor-widget-container\">\n\t\t\t\t\t\t\t<div class=\"elementor-spacer\">\n\t\t\t<div class=\"elementor-spacer-inner\"><\/div>\n\t\t<\/div>\n\t\t\t\t\t\t<\/div>\n\t\t\t\t<\/div>\n\t\t\t\t\t<\/div>\n\t\t<\/div>\n\t\t\t\t\t<\/div>\n\t\t<\/section>\n\t\t\t\t<\/div>\n\t\t","protected":false},"excerpt":{"rendered":"<p>Pol\u00edtica de Privacidade Informa\u00e7\u00f5es do Usu\u00e1rio \u2013 \u00c9 importante coletarmos algumas informa\u00e7\u00f5es dos usu\u00e1rios de nossos servi\u00e7os para que possamos oferecer um site melhor e mais direcionado \u00e0s suas prefer\u00eancias. Tamb\u00e9m precisamos inform\u00e1-los sobre novidades e informa\u00e7\u00f5es relevantes. Por isso, leia atentamente esta pol\u00edtica e nossos termos de uso. \u00a0 \u2013 Garantimos que quaisquer informa\u00e7\u00f5es&#8230;<\/p>\n","protected":false},"author":1,"featured_media":0,"parent":0,"menu_order":0,"comment_status":"closed","ping_status":"closed","template":"","meta":{"_kadence_starter_templates_imported_post":false,"_kad_post_transparent":"","_kad_post_title":"hide","_kad_post_layout":"fullwidth","_kad_post_sidebar_id":"","_kad_post_content_style":"unboxed","_kad_post_vertical_padding":"hide","_kad_post_feature":"hide","_kad_post_feature_position":"","_kad_post_header":false,"_kad_post_footer":false,"_kad_post_classname":"","footnotes":""},"class_list":["post-2331","page","type-page","status-publish","hentry"],"_links":{"self":[{"href":"https:\/\/agenciazign.com\/index.php\/wp-json\/wp\/v2\/pages\/2331","targetHints":{"allow":["GET"]}}],"collection":[{"href":"https:\/\/agenciazign.com\/index.php\/wp-json\/wp\/v2\/pages"}],"about":[{"href":"https:\/\/agenciazign.com\/index.php\/wp-json\/wp\/v2\/types\/page"}],"author":[{"embeddable":true,"href":"https:\/\/agenciazign.com\/index.php\/wp-json\/wp\/v2\/users\/1"}],"replies":[{"embeddable":true,"href":"https:\/\/agenciazign.com\/index.php\/wp-json\/wp\/v2\/comments?post=2331"}],"version-history":[{"count":4,"href":"https:\/\/agenciazign.com\/index.php\/wp-json\/wp\/v2\/pages\/2331\/revisions"}],"predecessor-version":[{"id":2350,"href":"https:\/\/agenciazign.com\/index.php\/wp-json\/wp\/v2\/pages\/2331\/revisions\/2350"}],"wp:attachment":[{"href":"https:\/\/agenciazign.com\/index.php\/wp-json\/wp\/v2\/media?parent=2331"}],"curies":[{"name":"wp","href":"https:\/\/api.w.org\/{rel}","templated":true}]}}